{"id":1065,"date":"2022-03-30T15:25:08","date_gmt":"2022-03-30T14:25:08","guid":{"rendered":"https:\/\/finandir.com\/team\/"},"modified":"2026-03-09T11:55:34","modified_gmt":"2026-03-09T11:55:34","slug":"team","status":"publish","type":"page","link":"https:\/\/finandir.com\/en\/team\/","title":{"rendered":"Team"},"content":{"rendered":"\n<div class=\"wp-block-jetpack-layout-grid column1-desktop-grid__span-1 column1-desktop-grid__row-1 column2-desktop-grid__span-4 column2-desktop-grid__start-3 column2-desktop-grid__row-1 column3-desktop-grid__span-4 column3-desktop-grid__start-8 column3-desktop-grid__row-1 column4-desktop-grid__span-1 column4-desktop-grid__start-12 column4-desktop-grid__row-1 column1-tablet-grid__span-1 column1-tablet-grid__row-1 column2-tablet-grid__span-4 column2-tablet-grid__start-2 column2-tablet-grid__row-1 column3-tablet-grid__span-4 column3-tablet-grid__start-2 column3-tablet-grid__row-2 column4-tablet-grid__span-1 column4-tablet-grid__start-7 column4-tablet-grid__row-2 column1-mobile-grid__span-1 column1-mobile-grid__row-1 column2-mobile-grid__span-4 column2-mobile-grid__row-2 column3-mobile-grid__span-4 column3-mobile-grid__row-3 column4-mobile-grid__span-1 column4-mobile-grid__row-4\">\n<div class=\"wp-block-jetpack-layout-grid-column wp-block-jetpack-layout-grid__padding-none\"><\/div>\n\n\n\n<div class=\"wp-block-jetpack-layout-grid-column wp-block-jetpack-layout-grid__padding-none\">\n<figure class=\"wp-block-image size-large\"><img loading=\"lazy\" decoding=\"async\" width=\"1024\" height=\"1024\" src=\"https:\/\/finandir.com\/wp-content\/uploads\/2025\/11\/PHILIPPE-no-border-square-1024x1024.jpg\" alt=\"\" class=\"wp-image-3658\" srcset=\"https:\/\/finandir.com\/wp-content\/uploads\/2025\/11\/PHILIPPE-no-border-square-1024x1024.jpg 1024w, https:\/\/finandir.com\/wp-content\/uploads\/2025\/11\/PHILIPPE-no-border-square-300x300.jpg 300w, https:\/\/finandir.com\/wp-content\/uploads\/2025\/11\/PHILIPPE-no-border-square-150x150.jpg?crop=1 150w, https:\/\/finandir.com\/wp-content\/uploads\/2025\/11\/PHILIPPE-no-border-square-768x768.jpg 768w, https:\/\/finandir.com\/wp-content\/uploads\/2025\/11\/PHILIPPE-no-border-square-1536x1536.jpg 1536w, https:\/\/finandir.com\/wp-content\/uploads\/2025\/11\/PHILIPPE-no-border-square-2048x2048.jpg 2048w, https:\/\/finandir.com\/wp-content\/uploads\/2025\/11\/PHILIPPE-no-border-square-1200x1200.jpg?crop=1 1200w, https:\/\/finandir.com\/wp-content\/uploads\/2025\/11\/PHILIPPE-no-border-square-800x800.jpg?crop=1 800w, https:\/\/finandir.com\/wp-content\/uploads\/2025\/11\/PHILIPPE-no-border-square-600x600.jpg?crop=1 600w, https:\/\/finandir.com\/wp-content\/uploads\/2025\/11\/PHILIPPE-no-border-square-400x400.jpg?crop=1 400w, https:\/\/finandir.com\/wp-content\/uploads\/2025\/11\/PHILIPPE-no-border-square-200x200.jpg?crop=1 200w\" sizes=\"auto, (max-width: 1024px) 100vw, 1024px\" \/><\/figure>\n<\/div>\n\n\n\n<div class=\"wp-block-jetpack-layout-grid-column wp-block-jetpack-layout-grid__padding-none\">\n<h2 class=\"wp-block-heading gp-gutenbergpro-e6150\">PHILIPPE ROUAULT<\/h2>\n\n\n\n<h3 class=\"wp-block-heading gp-gutenbergpro-e9efe\">President<\/h3>\n\n\n\n<p class=\"gp-gutenbergpro-59908 wp-block-paragraph\">Res Familiaris multifamily office: Founding Partner <br\/><br\/>HVB-Unicredit Group: Managing Director, Co-Head of Structured Products Marketing Western Europe<br\/><br\/>JPMorgan: Vice President, Structured Equity Derivatives, Foreign Exchange Swap Trading<\/p>\n\n\n\n<p class=\"gp-gutenbergpro-59908 wp-block-paragraph\">ISG, London Business School MSc Finance, ESCP MSc Wealth Management<\/p>\n<\/div>\n\n\n\n<div class=\"wp-block-jetpack-layout-grid-column wp-block-jetpack-layout-grid__padding-none\"><\/div>\n<\/div>\n\n<div style=\"height:50px\" aria-hidden=\"true\" class=\"wp-block-spacer\"><\/div>\n\n<div class=\"wp-block-jetpack-layout-grid column1-desktop-grid__span-1 column1-desktop-grid__row-1 column2-desktop-grid__span-4 column2-desktop-grid__start-3 column2-desktop-grid__row-1 column3-desktop-grid__span-4 column3-desktop-grid__start-8 column3-desktop-grid__row-1 column4-desktop-grid__span-1 column4-desktop-grid__start-12 column4-desktop-grid__row-1 column1-tablet-grid__span-1 column1-tablet-grid__row-1 column2-tablet-grid__span-4 column2-tablet-grid__start-2 column2-tablet-grid__row-1 column3-tablet-grid__span-4 column3-tablet-grid__start-2 column3-tablet-grid__row-2 column4-tablet-grid__span-1 column4-tablet-grid__start-7 column4-tablet-grid__row-2 column1-mobile-grid__span-1 column1-mobile-grid__row-1 column2-mobile-grid__span-4 column2-mobile-grid__row-2 column3-mobile-grid__span-4 column3-mobile-grid__row-3 column4-mobile-grid__span-1 column4-mobile-grid__row-4\">\n<div class=\"wp-block-jetpack-layout-grid-column wp-block-jetpack-layout-grid__padding-none\"><\/div>\n\n\n\n<div class=\"wp-block-jetpack-layout-grid-column wp-block-jetpack-layout-grid__padding-none\">\n<h2 class=\"wp-block-heading gp-gutenbergpro-e6150\">PHILIPPE FAVRE<\/h2>\n\n\n\n<h3 class=\"wp-block-heading gp-gutenbergpro-e9efe\">Honorary President<\/h3>\n\n\n\n<p class=\"gp-gutenbergpro-59908 wp-block-paragraph\">Indosuez: Head of Equity Syndication<br\/><br\/>CEO of the investment bank for the Gulf nations<br\/><br\/>MD Scandinavia then MD United Kingdom. Then Managing Director of Pinatton Soci\u00e9t\u00e9 de Bourse, and Managing Director of Global Equities<br\/><br\/>ESCP, Stanford Business School SEP<\/p>\n<\/div>\n\n\n\n<div class=\"wp-block-jetpack-layout-grid-column wp-block-jetpack-layout-grid__padding-none\">\n<p class=\"gp-gutenbergpro-59908 wp-block-paragraph\"><\/p>\n<\/div>\n\n\n\n<div class=\"wp-block-jetpack-layout-grid-column wp-block-jetpack-layout-grid__padding-none\"><\/div>\n<\/div>\n\n<div style=\"height:50px\" aria-hidden=\"true\" class=\"wp-block-spacer\"><\/div>\n\n<div class=\"wp-block-jetpack-layout-grid column1-desktop-grid__span-1 column1-desktop-grid__row-1 column2-desktop-grid__span-4 column2-desktop-grid__start-3 column2-desktop-grid__row-1 column3-desktop-grid__span-4 column3-desktop-grid__start-8 column3-desktop-grid__row-1 column4-desktop-grid__span-1 column4-desktop-grid__start-12 column4-desktop-grid__row-1 column1-tablet-grid__span-1 column1-tablet-grid__row-1 column2-tablet-grid__span-4 column2-tablet-grid__start-2 column2-tablet-grid__row-1 column3-tablet-grid__span-4 column3-tablet-grid__start-2 column3-tablet-grid__row-2 column4-tablet-grid__span-1 column4-tablet-grid__start-6 column4-tablet-grid__row-2 column1-mobile-grid__span-1 column1-mobile-grid__row-1 column2-mobile-grid__span-4 column2-mobile-grid__row-2 column3-mobile-grid__span-4 column3-mobile-grid__row-3 column4-mobile-grid__span-1 column4-mobile-grid__row-4\">\n<div class=\"wp-block-jetpack-layout-grid-column wp-block-jetpack-layout-grid__padding-none\"><\/div>\n\n\n\n<div class=\"wp-block-jetpack-layout-grid-column wp-block-jetpack-layout-grid__padding-none\">\n<figure class=\"wp-block-image size-full\"><img loading=\"lazy\" decoding=\"async\" width=\"320\" height=\"445\" src=\"https:\/\/finandir.com\/wp-content\/uploads\/2025\/11\/Eynour-1.jpg\" alt=\"\" class=\"wp-image-3683\" srcset=\"https:\/\/finandir.com\/wp-content\/uploads\/2025\/11\/Eynour-1.jpg 320w, https:\/\/finandir.com\/wp-content\/uploads\/2025\/11\/Eynour-1-216x300.jpg 216w\" sizes=\"auto, (max-width: 320px) 100vw, 320px\" \/><\/figure>\n<\/div>\n\n\n\n<div class=\"wp-block-jetpack-layout-grid-column wp-block-jetpack-layout-grid__padding-none\">\n<h2 class=\"wp-block-heading\">EYNOUR BOUTIA<\/h2>\n\n\n\n<h3 class=\"wp-block-heading gp-gutenbergpro-8a315\">General Manager<\/h3>\n\n\n\n<p class=\"gp-gutenbergpro-5dc0a wp-block-paragraph\">JPMorgan: Director, Equity &amp; Fund Derivatives, Commodities, Structured Credit Products &amp; Alternative Investments<br\/><br\/>T\u00e9l\u00e9com (MEng), HEC (MSc International Finance)<\/p>\n<\/div>\n\n\n\n<div class=\"wp-block-jetpack-layout-grid-column wp-block-jetpack-layout-grid__padding-none\"><\/div>\n<\/div>\n\n<div style=\"height:50px\" aria-hidden=\"true\" class=\"wp-block-spacer\"><\/div>\n\n<div class=\"wp-block-jetpack-layout-grid column1-desktop-grid__span-1 column1-desktop-grid__row-1 column2-desktop-grid__span-4 column2-desktop-grid__start-3 column2-desktop-grid__row-1 column3-desktop-grid__span-4 column3-desktop-grid__start-8 column3-desktop-grid__row-1 column4-desktop-grid__span-1 column4-desktop-grid__start-12 column4-desktop-grid__row-1 column1-tablet-grid__span-1 column1-tablet-grid__row-1 column2-tablet-grid__span-4 column2-tablet-grid__start-2 column2-tablet-grid__row-1 column3-tablet-grid__span-4 column3-tablet-grid__start-2 column3-tablet-grid__row-2 column4-tablet-grid__span-1 column4-tablet-grid__start-6 column4-tablet-grid__row-2 column1-mobile-grid__span-1 column1-mobile-grid__row-1 column2-mobile-grid__span-4 column2-mobile-grid__row-2 column3-mobile-grid__span-4 column3-mobile-grid__row-3 column4-mobile-grid__span-1 column4-mobile-grid__row-4\">\n<div class=\"wp-block-jetpack-layout-grid-column wp-block-jetpack-layout-grid__padding-none\"><\/div>\n\n\n\n<div class=\"wp-block-jetpack-layout-grid-column wp-block-jetpack-layout-grid__padding-none\">\n<figure class=\"wp-block-image size-large\"><img loading=\"lazy\" decoding=\"async\" width=\"1024\" height=\"1024\" src=\"https:\/\/finandir.com\/wp-content\/uploads\/2025\/11\/DANIEL-no-border-square-1024x1024.jpg\" alt=\"Daniel Fermon\" class=\"wp-image-3661\" srcset=\"https:\/\/finandir.com\/wp-content\/uploads\/2025\/11\/DANIEL-no-border-square-1024x1024.jpg 1024w, https:\/\/finandir.com\/wp-content\/uploads\/2025\/11\/DANIEL-no-border-square-300x300.jpg 300w, https:\/\/finandir.com\/wp-content\/uploads\/2025\/11\/DANIEL-no-border-square-150x150.jpg?crop=1 150w, https:\/\/finandir.com\/wp-content\/uploads\/2025\/11\/DANIEL-no-border-square-768x768.jpg 768w, https:\/\/finandir.com\/wp-content\/uploads\/2025\/11\/DANIEL-no-border-square-1536x1536.jpg 1536w, https:\/\/finandir.com\/wp-content\/uploads\/2025\/11\/DANIEL-no-border-square-2048x2048.jpg 2048w, https:\/\/finandir.com\/wp-content\/uploads\/2025\/11\/DANIEL-no-border-square-1200x1200.jpg?crop=1 1200w, https:\/\/finandir.com\/wp-content\/uploads\/2025\/11\/DANIEL-no-border-square-800x800.jpg?crop=1 800w, https:\/\/finandir.com\/wp-content\/uploads\/2025\/11\/DANIEL-no-border-square-600x600.jpg?crop=1 600w, https:\/\/finandir.com\/wp-content\/uploads\/2025\/11\/DANIEL-no-border-square-400x400.jpg?crop=1 400w, https:\/\/finandir.com\/wp-content\/uploads\/2025\/11\/DANIEL-no-border-square-200x200.jpg?crop=1 200w\" sizes=\"auto, (max-width: 1024px) 100vw, 1024px\" \/><\/figure>\n\n\n\n<p class=\"gp-gutenbergpro-5dc0a wp-block-paragraph\"><\/p>\n<\/div>\n\n\n\n<div class=\"wp-block-jetpack-layout-grid-column wp-block-jetpack-layout-grid__padding-none\">\n<h2 class=\"wp-block-heading gp-gutenbergpro-1b671\">DANIEL FERMON<\/h2>\n\n\n\n<p class=\"gp-gutenbergpro-abbe8 wp-block-paragraph\">Soci\u00e9t\u00e9 G\u00e9n\u00e9rale: Managing Director, Head of cross asset thematic research<\/p>\n\n\n\n<p class=\"gp-gutenbergpro-3ffcc wp-block-paragraph\">Neuflize OBC Investissement: Responsible for European equities<\/p>\n\n\n\n<p class=\"gp-gutenbergpro-6af61 wp-block-paragraph\">Member of the Board of Directors of the French Society of Financial Analysts (SFAF)<\/p>\n\n\n\n<p class=\"gp-gutenbergpro-2d8ad wp-block-paragraph\">ISG, SFAF<\/p>\n<\/div>\n\n\n\n<div class=\"wp-block-jetpack-layout-grid-column wp-block-jetpack-layout-grid__padding-none\"><\/div>\n<\/div>\n\n<div style=\"height:50px\" aria-hidden=\"true\" class=\"wp-block-spacer\"><\/div>\n\n<div class=\"wp-block-jetpack-layout-grid column1-desktop-grid__span-1 column1-desktop-grid__row-1 column2-desktop-grid__span-4 column2-desktop-grid__start-3 column2-desktop-grid__row-1 column3-desktop-grid__span-4 column3-desktop-grid__start-8 column3-desktop-grid__row-1 column4-desktop-grid__span-1 column4-desktop-grid__start-12 column4-desktop-grid__row-1 column1-tablet-grid__span-1 column1-tablet-grid__row-1 column2-tablet-grid__span-4 column2-tablet-grid__start-2 column2-tablet-grid__row-1 column3-tablet-grid__span-4 column3-tablet-grid__start-2 column3-tablet-grid__row-2 column4-tablet-grid__span-1 column4-tablet-grid__start-6 column4-tablet-grid__row-2 column1-mobile-grid__span-1 column1-mobile-grid__row-1 column2-mobile-grid__span-4 column2-mobile-grid__row-2 column3-mobile-grid__span-4 column3-mobile-grid__row-3 column4-mobile-grid__span-1 column4-mobile-grid__row-4\">\n<div class=\"wp-block-jetpack-layout-grid-column wp-block-jetpack-layout-grid__padding-none\"><\/div>\n\n\n\n<div class=\"wp-block-jetpack-layout-grid-column wp-block-jetpack-layout-grid__padding-none\">\n<figure class=\"wp-block-image size-large\"><img loading=\"lazy\" decoding=\"async\" width=\"1024\" height=\"1024\" src=\"https:\/\/finandir.com\/wp-content\/uploads\/2025\/11\/JEROME-no-border-square-1024x1024.jpg\" alt=\"\" class=\"wp-image-3659\" srcset=\"https:\/\/finandir.com\/wp-content\/uploads\/2025\/11\/JEROME-no-border-square-1024x1024.jpg 1024w, https:\/\/finandir.com\/wp-content\/uploads\/2025\/11\/JEROME-no-border-square-300x300.jpg 300w, https:\/\/finandir.com\/wp-content\/uploads\/2025\/11\/JEROME-no-border-square-150x150.jpg?crop=1 150w, https:\/\/finandir.com\/wp-content\/uploads\/2025\/11\/JEROME-no-border-square-768x768.jpg 768w, https:\/\/finandir.com\/wp-content\/uploads\/2025\/11\/JEROME-no-border-square-1536x1536.jpg 1536w, https:\/\/finandir.com\/wp-content\/uploads\/2025\/11\/JEROME-no-border-square-2048x2048.jpg 2048w, https:\/\/finandir.com\/wp-content\/uploads\/2025\/11\/JEROME-no-border-square-1200x1200.jpg?crop=1 1200w, https:\/\/finandir.com\/wp-content\/uploads\/2025\/11\/JEROME-no-border-square-800x800.jpg?crop=1 800w, https:\/\/finandir.com\/wp-content\/uploads\/2025\/11\/JEROME-no-border-square-600x600.jpg?crop=1 600w, https:\/\/finandir.com\/wp-content\/uploads\/2025\/11\/JEROME-no-border-square-400x400.jpg?crop=1 400w, https:\/\/finandir.com\/wp-content\/uploads\/2025\/11\/JEROME-no-border-square-200x200.jpg?crop=1 200w\" sizes=\"auto, (max-width: 1024px) 100vw, 1024px\" \/><\/figure>\n<\/div>\n\n\n\n<div class=\"wp-block-jetpack-layout-grid-column wp-block-jetpack-layout-grid__padding-none\">\n<h2 class=\"wp-block-heading gp-gutenbergpro-d6298\">J\u00c9R\u00d4ME LAZARE<\/h2>\n\n\n\n<p class=\"gp-gutenbergpro-81140 wp-block-paragraph\">Res Familiaris SAS represented by its Chairman J\u00e9r\u00f4me Lazare<\/p>\n\n\n\n<p class=\"gp-gutenbergpro-be63a wp-block-paragraph\">ResFamiliaris multifamily office: Founding Partner<\/p>\n\n\n\n<p class=\"gp-gutenbergpro-07c44 wp-block-paragraph\">HVB-Unicredit Group: Managing Director, Co-Head of Structured Products Marketing Western Europe, member of the HVB London Management Board<\/p>\n\n\n\n<p class=\"gp-gutenbergpro-78f38 wp-block-paragraph\">JPMorgan: Managing Director, Head of Equity Derivatives France-BeLux<\/p>\n\n\n\n<p class=\"gp-gutenbergpro-e618c wp-block-paragraph\">Goldman Sachs &#8211; Soci\u00e9t\u00e9 G\u00e9n\u00e9rale<\/p>\n\n\n\n<p class=\"gp-gutenbergpro-47e22 wp-block-paragraph\">Institut d&#8217;\u00e9tudes politiques de Paris, Institut des Sde Paris, ESCP MSc Gestion de Patrimoine<\/p>\n<\/div>\n\n\n\n<div class=\"wp-block-jetpack-layout-grid-column wp-block-jetpack-layout-grid__padding-none\"><\/div>\n<\/div>\n","protected":false},"excerpt":{"rendered":"<p>PHILIPPE ROUAULT President Res Familiaris multifamily office: Founding Partner HVB-Unicredit Group: Managing Director, Co-Head of Structured Products Marketing Western Europe JPMorgan: Vice President, Structured Equity&hellip;<\/p>\n","protected":false},"author":189094531,"featured_media":0,"parent":0,"menu_order":0,"comment_status":"closed","ping_status":"closed","template":"","meta":{"_crdt_document":"","footnotes":""},"class_list":["post-1065","page","type-page","status-publish","hentry"],"yoast_head":"<!-- This site is optimized with the Yoast SEO plugin v27.4 - https:\/\/yoast.com\/product\/yoast-seo-wordpress\/ -->\n<title>Team - Finandir<\/title>\n<meta name=\"description\" content=\"All of the partners have international experience, gained in major investment banks and have spent a significant part of their careers in the world&#039;s most important financial centers.\" \/>\n<meta name=\"robots\" content=\"index, follow, max-snippet:-1, max-image-preview:large, max-video-preview:-1\" \/>\n<link rel=\"canonical\" href=\"https:\/\/finandir.com\/en\/team\/\" \/>\n<meta property=\"og:locale\" content=\"en_US\" \/>\n<meta property=\"og:type\" content=\"article\" \/>\n<meta property=\"og:title\" content=\"Team - Finandir\" \/>\n<meta property=\"og:description\" content=\"All of the partners have international experience, gained in major investment banks and have spent a significant part of their careers in the world&#039;s most important financial centers.\" \/>\n<meta property=\"og:url\" content=\"https:\/\/finandir.com\/en\/team\/\" \/>\n<meta property=\"og:site_name\" content=\"Finandir\" \/>\n<meta property=\"article:modified_time\" content=\"2026-03-09T11:55:34+00:00\" \/>\n<meta property=\"og:image\" content=\"https:\/\/finandir.com\/wp-content\/uploads\/2025\/11\/PHILIPPE-no-border-square.jpg\" \/>\n\t<meta property=\"og:image:width\" content=\"2705\" \/>\n\t<meta property=\"og:image:height\" content=\"2705\" \/>\n\t<meta property=\"og:image:type\" content=\"image\/jpeg\" \/>\n<meta name=\"twitter:card\" content=\"summary_large_image\" \/>\n<meta name=\"twitter:label1\" content=\"Est. reading time\" \/>\n\t<meta name=\"twitter:data1\" content=\"1 minute\" \/>\n<script type=\"application\/ld+json\" class=\"yoast-schema-graph\">{\"@context\":\"https:\\\/\\\/schema.org\",\"@graph\":[{\"@type\":\"WebPage\",\"@id\":\"https:\\\/\\\/finandir.com\\\/en\\\/team\\\/\",\"url\":\"https:\\\/\\\/finandir.com\\\/en\\\/team\\\/\",\"name\":\"Team - Finandir\",\"isPartOf\":{\"@id\":\"https:\\\/\\\/finandir.com\\\/en\\\/#website\"},\"primaryImageOfPage\":{\"@id\":\"https:\\\/\\\/finandir.com\\\/en\\\/team\\\/#primaryimage\"},\"image\":{\"@id\":\"https:\\\/\\\/finandir.com\\\/en\\\/team\\\/#primaryimage\"},\"thumbnailUrl\":\"https:\\\/\\\/finandir.com\\\/wp-content\\\/uploads\\\/2025\\\/11\\\/PHILIPPE-no-border-square-1024x1024.jpg\",\"datePublished\":\"2022-03-30T14:25:08+00:00\",\"dateModified\":\"2026-03-09T11:55:34+00:00\",\"description\":\"All of the partners have international experience, gained in major investment banks and have spent a significant part of their careers in the world's most important financial centers.\",\"breadcrumb\":{\"@id\":\"https:\\\/\\\/finandir.com\\\/en\\\/team\\\/#breadcrumb\"},\"inLanguage\":\"en-US\",\"potentialAction\":[{\"@type\":\"ReadAction\",\"target\":[\"https:\\\/\\\/finandir.com\\\/en\\\/team\\\/\"]}]},{\"@type\":\"ImageObject\",\"inLanguage\":\"en-US\",\"@id\":\"https:\\\/\\\/finandir.com\\\/en\\\/team\\\/#primaryimage\",\"url\":\"https:\\\/\\\/finandir.com\\\/wp-content\\\/uploads\\\/2025\\\/11\\\/PHILIPPE-no-border-square-1024x1024.jpg\",\"contentUrl\":\"https:\\\/\\\/finandir.com\\\/wp-content\\\/uploads\\\/2025\\\/11\\\/PHILIPPE-no-border-square-1024x1024.jpg\"},{\"@type\":\"BreadcrumbList\",\"@id\":\"https:\\\/\\\/finandir.com\\\/en\\\/team\\\/#breadcrumb\",\"itemListElement\":[{\"@type\":\"ListItem\",\"position\":1,\"name\":\"Finandir\",\"item\":\"https:\\\/\\\/finandir.com\\\/en\\\/finandir\\\/\"},{\"@type\":\"ListItem\",\"position\":2,\"name\":\"Team\"}]},{\"@type\":\"WebSite\",\"@id\":\"https:\\\/\\\/finandir.com\\\/en\\\/#website\",\"url\":\"https:\\\/\\\/finandir.com\\\/en\\\/\",\"name\":\"Finandir\",\"description\":\"La Financi\u00e8re des Dirigeants\",\"publisher\":{\"@id\":\"https:\\\/\\\/finandir.com\\\/en\\\/#organization\"},\"potentialAction\":[{\"@type\":\"SearchAction\",\"target\":{\"@type\":\"EntryPoint\",\"urlTemplate\":\"https:\\\/\\\/finandir.com\\\/en\\\/?s={search_term_string}\"},\"query-input\":{\"@type\":\"PropertyValueSpecification\",\"valueRequired\":true,\"valueName\":\"search_term_string\"}}],\"inLanguage\":\"en-US\"},{\"@type\":\"Organization\",\"@id\":\"https:\\\/\\\/finandir.com\\\/en\\\/#organization\",\"name\":\"Finandir\",\"url\":\"https:\\\/\\\/finandir.com\\\/en\\\/\",\"logo\":{\"@type\":\"ImageObject\",\"inLanguage\":\"en-US\",\"@id\":\"https:\\\/\\\/finandir.com\\\/en\\\/#\\\/schema\\\/logo\\\/image\\\/\",\"url\":\"https:\\\/\\\/finandir.com\\\/wp-content\\\/uploads\\\/2022\\\/03\\\/cropped-small-logo.png\",\"contentUrl\":\"https:\\\/\\\/finandir.com\\\/wp-content\\\/uploads\\\/2022\\\/03\\\/cropped-small-logo.png\",\"width\":202,\"height\":202,\"caption\":\"Finandir\"},\"image\":{\"@id\":\"https:\\\/\\\/finandir.com\\\/en\\\/#\\\/schema\\\/logo\\\/image\\\/\"}}]}<\/script>\n<!-- \/ Yoast SEO plugin. -->","yoast_head_json":{"title":"Team - Finandir","description":"All of the partners have international experience, gained in major investment banks and have spent a significant part of their careers in the world's most important financial centers.","robots":{"index":"index","follow":"follow","max-snippet":"max-snippet:-1","max-image-preview":"max-image-preview:large","max-video-preview":"max-video-preview:-1"},"canonical":"https:\/\/finandir.com\/en\/team\/","og_locale":"en_US","og_type":"article","og_title":"Team - Finandir","og_description":"All of the partners have international experience, gained in major investment banks and have spent a significant part of their careers in the world's most important financial centers.","og_url":"https:\/\/finandir.com\/en\/team\/","og_site_name":"Finandir","article_modified_time":"2026-03-09T11:55:34+00:00","og_image":[{"width":2705,"height":2705,"url":"https:\/\/finandir.com\/wp-content\/uploads\/2025\/11\/PHILIPPE-no-border-square.jpg","type":"image\/jpeg"}],"twitter_card":"summary_large_image","twitter_misc":{"Est. reading time":"1 minute"},"schema":{"@context":"https:\/\/schema.org","@graph":[{"@type":"WebPage","@id":"https:\/\/finandir.com\/en\/team\/","url":"https:\/\/finandir.com\/en\/team\/","name":"Team - Finandir","isPartOf":{"@id":"https:\/\/finandir.com\/en\/#website"},"primaryImageOfPage":{"@id":"https:\/\/finandir.com\/en\/team\/#primaryimage"},"image":{"@id":"https:\/\/finandir.com\/en\/team\/#primaryimage"},"thumbnailUrl":"https:\/\/finandir.com\/wp-content\/uploads\/2025\/11\/PHILIPPE-no-border-square-1024x1024.jpg","datePublished":"2022-03-30T14:25:08+00:00","dateModified":"2026-03-09T11:55:34+00:00","description":"All of the partners have international experience, gained in major investment banks and have spent a significant part of their careers in the world's most important financial centers.","breadcrumb":{"@id":"https:\/\/finandir.com\/en\/team\/#breadcrumb"},"inLanguage":"en-US","potentialAction":[{"@type":"ReadAction","target":["https:\/\/finandir.com\/en\/team\/"]}]},{"@type":"ImageObject","inLanguage":"en-US","@id":"https:\/\/finandir.com\/en\/team\/#primaryimage","url":"https:\/\/finandir.com\/wp-content\/uploads\/2025\/11\/PHILIPPE-no-border-square-1024x1024.jpg","contentUrl":"https:\/\/finandir.com\/wp-content\/uploads\/2025\/11\/PHILIPPE-no-border-square-1024x1024.jpg"},{"@type":"BreadcrumbList","@id":"https:\/\/finandir.com\/en\/team\/#breadcrumb","itemListElement":[{"@type":"ListItem","position":1,"name":"Finandir","item":"https:\/\/finandir.com\/en\/finandir\/"},{"@type":"ListItem","position":2,"name":"Team"}]},{"@type":"WebSite","@id":"https:\/\/finandir.com\/en\/#website","url":"https:\/\/finandir.com\/en\/","name":"Finandir","description":"La Financi\u00e8re des Dirigeants","publisher":{"@id":"https:\/\/finandir.com\/en\/#organization"},"potentialAction":[{"@type":"SearchAction","target":{"@type":"EntryPoint","urlTemplate":"https:\/\/finandir.com\/en\/?s={search_term_string}"},"query-input":{"@type":"PropertyValueSpecification","valueRequired":true,"valueName":"search_term_string"}}],"inLanguage":"en-US"},{"@type":"Organization","@id":"https:\/\/finandir.com\/en\/#organization","name":"Finandir","url":"https:\/\/finandir.com\/en\/","logo":{"@type":"ImageObject","inLanguage":"en-US","@id":"https:\/\/finandir.com\/en\/#\/schema\/logo\/image\/","url":"https:\/\/finandir.com\/wp-content\/uploads\/2022\/03\/cropped-small-logo.png","contentUrl":"https:\/\/finandir.com\/wp-content\/uploads\/2022\/03\/cropped-small-logo.png","width":202,"height":202,"caption":"Finandir"},"image":{"@id":"https:\/\/finandir.com\/en\/#\/schema\/logo\/image\/"}}]}},"jetpack_likes_enabled":true,"jetpack_sharing_enabled":true,"jetpack_shortlink":"https:\/\/wp.me\/PdLBPd-hb","_links":{"self":[{"href":"https:\/\/finandir.com\/en\/wp-json\/wp\/v2\/pages\/1065","targetHints":{"allow":["GET"]}}],"collection":[{"href":"https:\/\/finandir.com\/en\/wp-json\/wp\/v2\/pages"}],"about":[{"href":"https:\/\/finandir.com\/en\/wp-json\/wp\/v2\/types\/page"}],"author":[{"embeddable":true,"href":"https:\/\/finandir.com\/en\/wp-json\/wp\/v2\/users\/189094531"}],"replies":[{"embeddable":true,"href":"https:\/\/finandir.com\/en\/wp-json\/wp\/v2\/comments?post=1065"}],"version-history":[{"count":30,"href":"https:\/\/finandir.com\/en\/wp-json\/wp\/v2\/pages\/1065\/revisions"}],"predecessor-version":[{"id":3909,"href":"https:\/\/finandir.com\/en\/wp-json\/wp\/v2\/pages\/1065\/revisions\/3909"}],"wp:attachment":[{"href":"https:\/\/finandir.com\/en\/wp-json\/wp\/v2\/media?parent=1065"}],"curies":[{"name":"wp","href":"https:\/\/api.w.org\/{rel}","templated":true}]}}